{"id":23,"date":"2025-03-10T08:58:37","date_gmt":"2025-03-10T08:58:37","guid":{"rendered":"https:\/\/mmoskwa.ksr.zgo.pl\/?page_id=23"},"modified":"2025-03-13T07:12:14","modified_gmt":"2025-03-13T07:12:14","slug":"home","status":"publish","type":"page","link":"https:\/\/komornik-moskwa.pl\/","title":{"rendered":"Home"},"content":{"rendered":"\t\t<div data-elementor-type=\"wp-page\" data-elementor-id=\"23\" class=\"elementor elementor-23\">\n\t\t\t\t<div class=\"elementor-element elementor-element-824c4c2 e-flex e-con-boxed e-con e-parent\" data-id=\"824c4c2\" data-element_type=\"container\">\n\t\t\t\t\t<div class=\"e-con-inner\">\n\t\t\t\t<div class=\"elementor-element elementor-element-f35fe0e elementor-widget elementor-widget-spacer\" data-id=\"f35fe0e\" data-element_type=\"widget\" data-widget_type=\"spacer.default\">\n\t\t\t\t<div class=\"elementor-widget-container\">\n\t\t\t\t\t\t\t<div class=\"elementor-spacer\">\n\t\t\t<div class=\"elementor-spacer-inner\"><\/div>\n\t\t<\/div>\n\t\t\t\t\t\t<\/div>\n\t\t\t\t<\/div>\n\t\t\t\t\t<\/div>\n\t\t\t\t<\/div>\n\t\t<div class=\"elementor-element elementor-element-9ff0247 e-flex e-con-boxed e-con e-parent\" data-id=\"9ff0247\" data-element_type=\"container\">\n\t\t\t\t\t<div class=\"e-con-inner\">\n\t\t\t\t<div class=\"elementor-element elementor-element-c026b82 elementor-widget elementor-widget-text-editor\" data-id=\"c026b82\" data-element_type=\"widget\" data-widget_type=\"text-editor.default\">\n\t\t\t\t<div class=\"elementor-widget-container\">\n\t\t\t\t\t\t\t\t\t<p><span class=\"Apple-converted-space\">\u00a0<\/span><b>Komornik S\u0105dowy przy S\u0105dzie Rejonowym Pozna\u0144 Stare Miasto w Poznaniu Kancelaria Komornicza Nr XX w Suchym Lesie Ma\u0142gorzata Moskwa<span class=\"Apple-converted-space\">\u00a0<\/span><\/b><b><\/b><\/p><p>Witam serdecznie na stronie Kancelarii Komornika S\u0105dowego Ma\u0142gorzaty Moskwy przy S\u0105dzie Rejonowym <b>Pozna\u0144- Stare Miasto <\/b>w Poznaniu.<span class=\"Apple-converted-space\">\u00a0<br \/><\/span><\/p><p data-start=\"158\" data-end=\"357\">Na naszej stronie znajd\u0105 Pa\u0144stwo szereg przydatnych informacji, zar\u00f3wno dla Wierzycieli, jak i D\u0142u\u017cnik\u00f3w, a tak\u017ce dokumenty do pobrania, kt\u00f3re u\u0142atwi\u0105 skuteczne przeprowadzenie egzekucji komorniczej.<\/p><p data-start=\"359\" data-end=\"524\" data-is-last-node=\"\" data-is-only-node=\"\">Zach\u0119camy r\u00f3wnie\u017c do \u015bledzenia licytacji nieruchomo\u015bci i ruchomo\u015bci organizowanych przez nasz\u0105 Kancelari\u0119, a tak\u017ce informacji dotycz\u0105cych post\u0119powania egzekucyjnego.<span class=\"Apple-converted-space\">\u00a0<\/span><\/p>\t\t\t\t\t\t\t\t<\/div>\n\t\t\t\t<\/div>\n\t\t\t\t\t<\/div>\n\t\t\t\t<\/div>\n\t\t<div class=\"elementor-element elementor-element-1f1947c e-flex e-con-boxed e-con e-parent\" data-id=\"1f1947c\" data-element_type=\"container\">\n\t\t\t\t\t<div class=\"e-con-inner\">\n\t\t\t\t<div class=\"elementor-element elementor-element-a408770 elementor-widget elementor-widget-spacer\" data-id=\"a408770\" data-element_type=\"widget\" data-widget_type=\"spacer.default\">\n\t\t\t\t<div class=\"elementor-widget-container\">\n\t\t\t\t\t\t\t<div class=\"elementor-spacer\">\n\t\t\t<div class=\"elementor-spacer-inner\"><\/div>\n\t\t<\/div>\n\t\t\t\t\t\t<\/div>\n\t\t\t\t<\/div>\n\t\t\t\t\t<\/div>\n\t\t\t\t<\/div>\n\t\t\t\t<\/div>\n\t\t","protected":false},"excerpt":{"rendered":"<p>\u00a0Komornik S\u0105dowy przy S\u0105dzie Rejonowym Pozna\u0144 Stare Miasto w Poznaniu Kancelaria Komornicza Nr XX w Suchym Lesie Ma\u0142gorzata Moskwa\u00a0 Witam serdecznie na stronie Kancelarii Komornika S\u0105dowego Ma\u0142gorzaty Moskwy przy S\u0105dzie Rejonowym Pozna\u0144- Stare Miasto w Poznaniu.\u00a0 Na naszej stronie znajd\u0105 Pa\u0144stwo szereg przydatnych informacji, zar\u00f3wno dla Wierzycieli, jak i D\u0142u\u017cnik\u00f3w, a tak\u017ce dokumenty do pobrania, kt\u00f3re u\u0142atwi\u0105 skuteczne przeprowadzenie egzekucji komorniczej. Zach\u0119camy r\u00f3wnie\u017c do \u015bledzenia licytacji nieruchomo\u015bci i ruchomo\u015bci organizowanych przez nasz\u0105 Kancelari\u0119, a tak\u017ce informacji dotycz\u0105cych post\u0119powania egzekucyjnego.\u00a0<\/p>\n","protected":false},"author":1,"featured_media":0,"parent":0,"menu_order":0,"comment_status":"closed","ping_status":"closed","template":"elementor_header_footer","meta":{"om_disable_all_campaigns":false,"_monsterinsights_skip_tracking":false,"_monsterinsights_sitenote_active":false,"_monsterinsights_sitenote_note":"","_monsterinsights_sitenote_category":0,"footnotes":""},"class_list":["post-23","page","type-page","status-publish","hentry"],"aioseo_notices":[],"_links":{"self":[{"href":"https:\/\/komornik-moskwa.pl\/index.php\/wp-json\/wp\/v2\/pages\/23","targetHints":{"allow":["GET"]}}],"collection":[{"href":"https:\/\/komornik-moskwa.pl\/index.php\/wp-json\/wp\/v2\/pages"}],"about":[{"href":"https:\/\/komornik-moskwa.pl\/index.php\/wp-json\/wp\/v2\/types\/page"}],"author":[{"embeddable":true,"href":"https:\/\/komornik-moskwa.pl\/index.php\/wp-json\/wp\/v2\/users\/1"}],"replies":[{"embeddable":true,"href":"https:\/\/komornik-moskwa.pl\/index.php\/wp-json\/wp\/v2\/comments?post=23"}],"version-history":[{"count":34,"href":"https:\/\/komornik-moskwa.pl\/index.php\/wp-json\/wp\/v2\/pages\/23\/revisions"}],"predecessor-version":[{"id":331,"href":"https:\/\/komornik-moskwa.pl\/index.php\/wp-json\/wp\/v2\/pages\/23\/revisions\/331"}],"wp:attachment":[{"href":"https:\/\/komornik-moskwa.pl\/index.php\/wp-json\/wp\/v2\/media?parent=23"}],"curies":[{"name":"wp","href":"https:\/\/api.w.org\/{rel}","templated":true}]}}